{"id":116,"date":"2012-03-04T08:56:35","date_gmt":"2012-03-04T08:56:35","guid":{"rendered":"http:\/\/192.168.5.200\/?page_id=116"},"modified":"2022-08-16T18:25:50","modified_gmt":"2022-08-16T16:25:50","slug":"regolamento","status":"publish","type":"page","link":"https:\/\/www.acquaenna.it\/index.php\/cosa-fare-per\/regolamento\/","title":{"rendered":"regolamento"},"content":{"rendered":"<p><strong>REGOLAMENTO del servizio idrico integrato:<\/strong><\/p>\n<p>Il regolamento del Servizio Idrico Integrato, approvato dall\u2019assemblea del Consorzio A.T.O. n.5 &#8211; Enna con verbale n\u00b07 del 10\/03\/2006, disciplina le modalit\u00e0 di erogazione del Servizio Idrico Integrato e i rapporti tra gestore ed utenti, nel rispetto della normativa vigente in materia e degli impegni assunti dal gestore nel contratto di utenza.<\/p>\n<p>Il regolamento si compone di due parti:<\/p>\n<p>La prima parte relativa alla fornitura e distribuzione di acqua (regolamento di acquedotto).<\/p>\n<p>La seconda parte relativa alla fissazione di limiti di accettabilit\u00e0 degli scarichi in pubblica fognatura, conformit\u00e0 degli scarichi ai limiti fissati e previsione delle modalit\u00e0 di allacciamento e scarico ( regolamento di fognatura).<\/p>\n<p>Nel regolamento di fognatura\u00a0 \u201cla disciplina degli scarichi in pubblica fognatura\u201d \u2013regime autorizzatorio-\u00a0\u00a0 non e\u2019 attualmente vigente in quanto nella Regione Sicilia \u00e8 rimasto invariato l\u2019assetto delle competenze delineato dalla L.R. 27\/86, non essendo intervenuta alcuna modifica legislativa sulla materia.<\/p>\n<p>CLICCA \u00a0PER SCARICARE IL REGOLAMENTO<br \/>\n<a href=\"http:\/\/www.acquaenna.it\/wp-content\/uploads\/2012\/03\/Regolamento_servizio_idrico.pdf\">REGOLAMENTO DEL S.I.I.<\/a><\/p>\n","protected":false},"excerpt":{"rendered":"<p>REGOLAMENTO del servizio idrico integrato: Il regolamento del Servizio Idrico Integrato, approvato dall\u2019assemblea del Consorzio A.T.O. n.5 &#8211; Enna con verbale n\u00b07 del 10\/03\/2006, disciplina le modalit\u00e0 di erogazione del Servizio Idrico Integrato e i rapporti tra gestore ed utenti,&hellip;<\/p>\n<p class=\"more-link-p\"><a class=\"more-link\" href=\"https:\/\/www.acquaenna.it\/index.php\/cosa-fare-per\/regolamento\/\">Read more &rarr;<\/a><\/p>\n","protected":false},"author":2,"featured_media":0,"parent":91,"menu_order":0,"comment_status":"closed","ping_status":"open","template":"","meta":{"footnotes":""},"class_list":["post-116","page","type-page","status-publish","hentry"],"publishpress_future_action":{"enabled":false,"date":"2026-05-05 07:06:46","action":"change-status","newStatus":"draft","terms":[],"taxonomy":""},"_links":{"self":[{"href":"https:\/\/www.acquaenna.it\/index.php\/wp-json\/wp\/v2\/pages\/116","targetHints":{"allow":["GET"]}}],"collection":[{"href":"https:\/\/www.acquaenna.it\/index.php\/wp-json\/wp\/v2\/pages"}],"about":[{"href":"https:\/\/www.acquaenna.it\/index.php\/wp-json\/wp\/v2\/types\/page"}],"author":[{"embeddable":true,"href":"https:\/\/www.acquaenna.it\/index.php\/wp-json\/wp\/v2\/users\/2"}],"replies":[{"embeddable":true,"href":"https:\/\/www.acquaenna.it\/index.php\/wp-json\/wp\/v2\/comments?post=116"}],"version-history":[{"count":1,"href":"https:\/\/www.acquaenna.it\/index.php\/wp-json\/wp\/v2\/pages\/116\/revisions"}],"predecessor-version":[{"id":3602,"href":"https:\/\/www.acquaenna.it\/index.php\/wp-json\/wp\/v2\/pages\/116\/revisions\/3602"}],"up":[{"embeddable":true,"href":"https:\/\/www.acquaenna.it\/index.php\/wp-json\/wp\/v2\/pages\/91"}],"wp:attachment":[{"href":"https:\/\/www.acquaenna.it\/index.php\/wp-json\/wp\/v2\/media?parent=116"}],"curies":[{"name":"wp","href":"https:\/\/api.w.org\/{rel}","templated":true}]}}