{"id":136,"date":"2012-03-04T09:25:21","date_gmt":"2012-03-04T09:25:21","guid":{"rendered":"http:\/\/192.168.5.200\/?page_id=136"},"modified":"2026-04-21T16:10:59","modified_gmt":"2026-04-21T14:10:59","slug":"forniture-idriche","status":"publish","type":"page","link":"https:\/\/www.acquaenna.it\/index.php\/modulistica\/forniture-idriche\/","title":{"rendered":"Forniture idriche"},"content":{"rendered":"\n<div class=\"wp-block-group\"><div class=\"wp-block-group__inner-container is-layout-flow wp-block-group-is-layout-flow\">\n<ul>\n<li><strong style=\"font-size: inherit\"><span style=\"color: #000000\">QUALE RICHIESTA DEVO PRESENTARE PER AVERE L\u2019ACQUA<\/span>?<\/strong><\/li>\n<\/ul>\n<p><em><strong>Trova il tuo modulo e definisci la pratica correttamente per aiutarci ad essere pi\u00f9 veloci.<\/strong><\/em><\/p>\n<p><span style=\"color: #000000\"><strong>&#8220;RICHIESTA DI PREVENTIVO PER PREDISPOSIZIONE ALLACCIO IDRICO&#8221; (Mod.PG001.38 REV00)<\/strong><\/span><\/p>\n<p>L\u2019ALLACCIAMENTO \u00e8 la richiesta di realizzazione del collegamento tra la rete idrica di distribuzione gestita da Acquaenna e un fabbricato senza posa del contatore e quindi senza l\u2019erogazione di acqua potabile.<\/p>\n<p><strong><em>Esempio<\/em><\/strong>: La ditta Costruzioni S.r.l. ha realizzato un nuovo fabbricato e mediante una richiesta di allacciamento realizza <strong>SOLO<\/strong>\u00a0 il collegamento tra la rete idrica gestita da Acquaenna ed il fabbricato realizzato, senza mettere il contatore (che sar\u00e0 richiesto successivamente da chi ci abiter\u00e0 o comunque da chiunque abbia titolo per\u00a0 chiedere l&#8217;attivazione della fornitura.<\/p>\n<p><a href=\"http:\/\/www.acquaenna.it\/wp-content\/uploads\/2026\/04\/RICHIESTA-DI-PREDISPOSIZIONE-ALLACCIO-2026.pdf\"><strong><span style=\"color: #0000ff\"><span style=\"color: #ff0000\">CLICCA PER SCARICARE\u00a0 LA RICHIESTA DI PREVENTIVO ALLACCIO COMPLETA DI ALLEGATI<\/span><\/span><\/strong><\/a>\u00a0<\/p>\n<p style=\"text-align: center\">************************************************************************<\/p>\n<p><span style=\"color: #000000\"><strong>&#8220;RICHIESTA DI\u00a0 ATTIVAZIONE &#8211; RIATTIVAZIONE\/SUBENTRO&#8221;\u00a0 (Mod. PG001.55 Rev00)<\/strong><\/span><\/p>\n<p><strong><span style=\"color: #000000\">Il modulo PG001.55 Rev00 indica\u00a02 opzioni<\/span>:<\/strong><\/p>\n<ul>\n<li><strong>Segnando l&#8217;opzione &#8221; Attivazione&#8221;<\/strong> sul modulo si chiede l\u2019avvio dell\u2019erogazione del servizio, a seguito di un nuovo contratto di fornitura.<\/li>\n<\/ul>\n<p><strong><em>Esempio:<\/em><\/strong> La ditta Costruzioni S.r.l. ha realizzato un nuovo fabbricato, ha collegato l\u2019immobile alla rete idrica di distribuzione. Il Sig. Verdi acquista casa dalla ditta Costruzioni S.r.l. e mediante una pratica di attivazione chiede ad Acquaenna di posare un contatore e attivare il relativo contratto.<\/p>\n<ul>\n<li><strong>Segnando l&#8217;opzione &#8221; SUBENTRO \/ RIATTIVAZIONE&#8221;<\/strong> sul modulo si chiede la riattivazione della fornitura in un punto di consegna esistente ma non attivo ( privo di contatore) perch\u00e8 cessato\u00a0 dal precedente intestatario (subentro) oppure perch\u00e8 \u00e8 stato cessato per morosit\u00e0 (riattivazione).\u00a0<\/li>\n<\/ul>\n<p><em><strong>Esempio:<\/strong><\/em> Il Sig. Verdi acquista casa da Paolo Bianchi che in precedenza ha chiesto regolarmente la disattivazione della propria utenza,\u00a0<\/p>\n<p>Oppure : il precedente inquilino era moroso e gli viene disattivata la fornitura (in questo caso nell\u2019appartamento non \u00e8 presente un contatore ma un\u00a0 tappo con un sigillo colorato). Il Sig. Verdi chieder\u00e0 ad Acquaenna la posa di un nuovo contatore e l\u2019attivazione di un proprio contratto.<\/p>\n<p><a href=\"http:\/\/www.acquaenna.it\/wp-content\/uploads\/2026\/03\/RICHIESTA-ATTIVAZIONE-RIATTIVAZIONE-SUBENTRO-E-ALLEGATI-Giugno-2024.pdf\"><strong><span style=\"color: #0000ff\"><span style=\"color: #ff0000\">CLICCA PER SCARICARE LA RICHIESTA DI ATTIVAZIONE &#8211; RIATTIVAZIONE\/SUBENTRO COMPLETA DI ALLEGATI E CONDIZIONI GENERALI DI FORNITURA<\/span><\/span><\/strong><\/a><\/p>\n<p style=\"text-align: center\">************************************************************************<\/p>\n<p><span style=\"color: #000000\"><strong>&#8220;RICHIESTA DI ALLACCIAMENTO CON ATTIVAZIONE&#8221; ( Mod. PG001.09Rev07)<\/strong><\/span><\/p>\n<p>con questo modulo si chiede contestualmente\u00a0 l&#8217;allaccio, l&#8217;installazione, e l&#8217;attivazione della fornitura.<\/p>\n<p><em><strong>Esempio:<\/strong> <\/em>Il Sig. Verdi ha acquistato una villetta nuova e chiede ad Acquaenna la realizzazione del collegamento tra la rete idrica, la posa di un contatore e la relativa attivazione di un\u2019utenza contrattualizzata, pertanto il Sig. Verdi sar\u00e0 il richiedente ed intestatario del contratto di fornitura.<\/p>\n<p><a href=\"http:\/\/www.acquaenna.it\/wp-content\/uploads\/2024\/05\/NUOVO-ALLACCIO-CON-ATTIVAZIONE-maggio24-.pdf\"><span style=\"color: #ff0000\"><strong>CLICCA PER SCARICARE LA RICHIESTA DI ALLACCIAMENTO CON CONTESTUALE ATTIVAZIONE DELLA FORNITURA\u00a0 COMPLETA DI ALLEGATI E CONDIZIONI GENERALI DI FORNITURA<\/strong><\/span><\/a><\/p>\n<p style=\"text-align: center\">************************************************************************<\/p>\n<p><span style=\"color: #000000\"><strong>&#8220;RICHIESTA DI VOLTURA&#8221; ( Mod. PG001.08 Rev 06)<\/strong><\/span><\/p>\n<p>La VOLTURA \u00e8 l&#8217;operazione con la quale si richiede\u00a0 la fornitura in un punto di consegna gi\u00e0 attivo e si deve variare solo la titolarit\u00e0 dell\u2019utenza, senza che sia interrotta l\u2019erogazione idrica.<\/p>\n<p><em><strong>Esempio:<\/strong> <\/em>Il Sig. Verdi acquista casa da Paolo Bianchi e chiede ad Acquaenna il cambio di intestazione della bolletta. In questo caso il contatore \u00e8 attivo ed \u00e8 essenziale rilevare la lettura per chiudere il contratto di Paolo Bianchi e attivare il contratto del Sig. Verdi.<\/p>\n<p><strong><span style=\"color: #ff0000\"><a style=\"color: #ff0000\" href=\"http:\/\/www.acquaenna.it\/wp-content\/uploads\/2026\/03\/RICHIESTA-DI-VOLTURA-2026.pdf\">CLICCA PER SCARICARE LA RICHIESTA DI VOLTURA COMPLETA DI ALLEGATI E CONDIZIONI GENERALI DI FORNITURA<\/a><\/span><\/strong><\/p>\n<p><span style=\"color: #000000\"><strong>&#8220;RICHIESTA DI VOLTURA A TITOLO GRATUITO&#8221;\u00a0 (Mod. PG001.54 Rev00)<\/strong><\/span><\/p>\n<p>La VOLTURA A TITOLO GRATUITO \u00e8 l&#8217;operazione con la quale si richiede gratuitamente la fornitura in un punto di consegna gi\u00e0 attivo, e si deve variare solo la titolarit\u00e0 dell\u2019utenza, senza che sia interrotta l\u2019erogazione idrica. E&#8217; gratuita<strong>\u00a0solo<\/strong> nei seguenti casi:<\/p>\n<p>a) Per l&#8217;erede residente\u00a0 ovvero qualsiasi soggetto residente all&#8217;atto del decesso nell&#8217;unit\u00e0 immobiliare in cui \u00e8 sita l&#8217;utenza ;<\/p>\n<p>b) Se c&#8217;\u00e8 l&#8217;assegnazione dell&#8217;immobile con provvedimento del giudice a seguito separazione\/divorzio.<\/p>\n<p><a href=\"http:\/\/www.acquaenna.it\/wp-content\/uploads\/2024\/05\/VOLTURA-A-TITOLO-GRATUITO-maggio24.pdf\"><strong><span style=\"color: #ff0000\">CLICCA PER SCARICARE LA RICHIESTA DI VOLTURA A TITOLO GRATUITO COMPLETA DI ALLEGATI E CONDIZIONI GENERALI DI FORNITURA<\/span><\/strong><\/a><\/p>\n<p style=\"text-align: center\" align=\"JUSTIFY\">*********************************************************<\/p>\n<h4 align=\"JUSTIFY\"><em>QUALORA AVESSI DIFFICOLTA&#8217; AD INDIVIDUARE LA MODULISTICA CHE TI SERVE LEGGI DI SEGUITO:\u00a0 \u00a0<\/em> \u00a0 \u00a0 \u00a0 \u00a0 \u00a0 \u00a0<\/h4>\n<p align=\"JUSTIFY\"><em><strong>SE VI STATE TRASFERENDO\u00a0 IN UNA CASA IL PRIMO CONTROLLO DA FARE E&#8217; VERIFICARE LA PRESENZA O MENO DEL CONTATORE DELL&#8217;ACQUA:<\/strong><\/em><\/p>\n<p><strong>1) Non c&#8217;\u00e8 un contatore :<\/strong> <br \/>Se il contatore non c&#8217;\u00e8,\u00a0 a seconda delle proprie\u00a0 esigenze, si pu\u00f2 chiedere:<\/p>\n<p><strong>a)<\/strong> &#8220;Richiesta di preventivo per nuovo allaccio idrico&#8221; (senza posa contatore) (Mod.PG001.38 REV00):<br \/>Con questo modulo si chiede solo la predisposizione che consiste nella realizzazione del collegamento tra la rete idrica di distribuzione gestita da Acquaenna e un fabbricato, senza l\u2019erogazione di acqua potabile .<\/p>\n<p><strong>b)<\/strong> &#8220;Richiesta di Attivazione della fornitura&#8221; (Mod. PG001.55 Rev00 ):<br \/>Segnando l&#8217;opzione &#8220;Attivazione&#8221; su questo modulo si chiede solo la posa del contatore in un punto in cui l&#8217;allacciamento era gi\u00e0 stato eseguito ed ora tramite il contatore si vuole consentire all&#8217;impianto di utenza di prelevare ed utilizzare l&#8217;acqua dalla rete di acquedotto.<\/p>\n<p><strong>c)<\/strong> &#8220;Richiesta di allaccio con contestuale attivazione della fornitura&#8221; ( Mod. PG001.09Rev07):<br \/>Con questo modulo si chiede contestualmente sia la realizzazione del collegamento tra la rete idrica di distribuzione gestita da Acquaenna e un fabbricato in cui non c&#8217;era mai stato un contatore, sia la posa del contatore.<\/p>\n<p><strong>2) In passato c&#8217;\u00e8 stato un contatore, ma \u00e8 stato disattivato :<\/strong><br \/>Segnando l&#8217;opzione \u201cRiattivazione\/Subentro\u201d sul Mod. PG001.55 Rev00 si chiede di riattivare a proprio nome la fornitura in un punto di consegna dove il contatore non c&#8217;\u00e8\u00a0 perch\u00e8 \u00a0\u00e8 stato cessato\u00a0 dal precedente intestatario oppure \u00e8 stato cessato per morosit\u00e0 .\u00a0<\/p>\n<p><strong>3) C&#8217;\u00e8 gi\u00e0 un contatore attivo:<\/strong><br \/>\u00a0Se invece la casa era gi\u00e0 abitata da altre persone e c&#8217;\u00e8 presente un contatore attivo:<\/p>\n<ul>\n<li>con il Mod. PG001.08 Rev 06 si chieder\u00e0 la &#8220;Voltura&#8221; a proprio nome, cio\u00e8 la fornitura in un punto di consegna gi\u00e0 attivo, con contestuale variazione della titolarit\u00e0 dell\u2019utenza, senza che sia interrotta l\u2019erogazione idrica.<\/li>\n<li>con il Mod. PG001.54 Rev.00 si chieder\u00e0,\u00a0 invece, la\u00a0 &#8220;Voltura a titolo gratuito&#8221;, e deve presentarsi esclusivamente\u00a0 quando si rientra in uno dei due casi elencati di seguito: <strong style=\"font-size: inherit\">1)<\/strong><span style=\"font-size: inherit\"> in caso di utenza intestata a persona deceduta e si \u00e8\u00a0 erede oppure se all&#8217;atto di decesso dell&#8217;intestatario si risiede nell&#8217;unit\u00e0 immobiliare in cui \u00e8 sita l&#8217;utenza; <\/span><strong style=\"font-size: inherit\">2)<\/strong><span style=\"font-size: inherit\"> in caso di assegnazione a proprio nome\u00a0 dell&#8217;immobile con provvedimento del giudice, a seguito separazione\/divorzio.<\/span><\/li>\n<\/ul>\n<h4 align=\"JUSTIFY\"><span style=\"font-size: small\"><span style=\"font-family: Times New Roman, serif\"><u>L\u2019incompletezza della documentazione presentata comporta l\u2019automatica sospensione del<\/u><\/span> <span style=\"font-family: Times New Roman, serif\"><u>procedimento Tecnico \/ Amministrativo fino all\u2019avvenuto ricevimento degli allegati richiesti.<\/u><\/span> <\/span><\/h4>\n<p align=\"JUSTIFY\">\u00a0<\/p>\n\n\n\n<p><\/p>\n<\/div><\/div>\n\n\n\n<p><\/p>\n","protected":false},"excerpt":{"rendered":"<p>QUALE RICHIESTA DEVO PRESENTARE PER AVERE L\u2019ACQUA? Trova il tuo modulo e definisci la pratica correttamente per aiutarci ad essere pi\u00f9 veloci. &#8220;RICHIESTA DI PREVENTIVO PER PREDISPOSIZIONE ALLACCIO IDRICO&#8221; (Mod.PG001.38 REV00) L\u2019ALLACCIAMENTO \u00e8 la richiesta di realizzazione del collegamento tra&hellip;<\/p>\n<p class=\"more-link-p\"><a class=\"more-link\" href=\"https:\/\/www.acquaenna.it\/index.php\/modulistica\/forniture-idriche\/\">Read more &rarr;<\/a><\/p>\n","protected":false},"author":2,"featured_media":0,"parent":34,"menu_order":0,"comment_status":"closed","ping_status":"open","template":"","meta":{"footnotes":""},"class_list":["post-136","page","type-page","status-publish","hentry"],"publishpress_future_action":{"enabled":false,"date":"2026-05-06 16:27:24","action":"change-status","newStatus":"draft","terms":[],"taxonomy":""},"_links":{"self":[{"href":"https:\/\/www.acquaenna.it\/index.php\/wp-json\/wp\/v2\/pages\/136","targetHints":{"allow":["GET"]}}],"collection":[{"href":"https:\/\/www.acquaenna.it\/index.php\/wp-json\/wp\/v2\/pages"}],"about":[{"href":"https:\/\/www.acquaenna.it\/index.php\/wp-json\/wp\/v2\/types\/page"}],"author":[{"embeddable":true,"href":"https:\/\/www.acquaenna.it\/index.php\/wp-json\/wp\/v2\/users\/2"}],"replies":[{"embeddable":true,"href":"https:\/\/www.acquaenna.it\/index.php\/wp-json\/wp\/v2\/comments?post=136"}],"version-history":[{"count":101,"href":"https:\/\/www.acquaenna.it\/index.php\/wp-json\/wp\/v2\/pages\/136\/revisions"}],"predecessor-version":[{"id":5579,"href":"https:\/\/www.acquaenna.it\/index.php\/wp-json\/wp\/v2\/pages\/136\/revisions\/5579"}],"up":[{"embeddable":true,"href":"https:\/\/www.acquaenna.it\/index.php\/wp-json\/wp\/v2\/pages\/34"}],"wp:attachment":[{"href":"https:\/\/www.acquaenna.it\/index.php\/wp-json\/wp\/v2\/media?parent=136"}],"curies":[{"name":"wp","href":"https:\/\/api.w.org\/{rel}","templated":true}]}}