{"id":169,"date":"2012-03-11T09:58:11","date_gmt":"2012-03-11T09:58:11","guid":{"rendered":"http:\/\/192.168.5.200\/?page_id=169"},"modified":"2026-03-10T12:04:05","modified_gmt":"2026-03-10T11:04:05","slug":"modulo-rid","status":"publish","type":"page","link":"https:\/\/www.acquaenna.it\/index.php\/modulistica\/modulo-rid\/","title":{"rendered":"modulo rid"},"content":{"rendered":"<p><strong>CHIEDERE L\u2019ATTIVAZIONE DELLA DOMICILIAZIONE BANCARIA<\/strong><\/p>\n<p>Al fine di evitare eventuali penalit\u00e0 per ritardi e\/o dimenticanze, ACQUAENNA S.C.p.A. ha attivato il servizio di pagamento delle bollette tramite <span style=\"text-decoration: underline\">domiciliazione bancaria,<\/span> che prevede l&#8217;addebito automatico dell&#8217;importo sul conto corrente.<\/p>\n<p align=\"JUSTIFY\"><span style=\"font-size: small\"><strong><span style=\"font-size: medium\">Chi effettua la domiciliazione non paga il deposito cauzionale in bolletta. <\/span><\/strong><\/span><\/p>\n<p><span style=\"font-size: medium\">Domiciliare i consumi non vuol dire perdere di vista le spese: le bollette cartacee continueranno ad arrivare normalmente all&#8217;Utente per posta, che quindi potr\u00e0 avere sempre sott&#8217;occhio la sua spesa.<br \/>\nSe si \u00e8 titolare di un contratto di fornitura e si sceglie di domiciliare le bollette, la Societ\u00e0 provveder\u00e0 alla restituzione del deposito cauzionale precedentemente addebitato.<\/span><\/p>\n<p>Per effettuare la domiciliazione l\u2019utente interessato dovr\u00e0 compilare in tutte le parti il modulo <span style=\"font-family: Times New Roman,serif\"><span style=\"font-size: small\"><strong><span style=\"font-size: medium\">Mod.<\/span><span style=\"font-size: medium\"> PG1.32 Rev 01<\/span><\/strong><\/span><\/span>, firmarlo e consegnarlo direttamente presso gli sportelli del Front-Office di ACQUAENNA oppure inviandolo per posta al seguente indirizzo:ACQUAENNA S.C.p.A., Via S.Agata n.65\/71- 94100 ENNA .<\/p>\n<ul>\n<li><a href=\"http:\/\/www.acquaenna.it\/wp-content\/uploads\/2026\/03\/MODULO-ADDEBITO-DIRETTO-SEPA.pdf\" target=\"_blank\" rel=\"noopener\">CLICCA PER SCARICARE MODULO &#8221; Mandato per Addebito Diretto SEPA&#8221;<\/a><\/li>\n<\/ul>\n","protected":false},"excerpt":{"rendered":"<p>CHIEDERE L\u2019ATTIVAZIONE DELLA DOMICILIAZIONE BANCARIA Al fine di evitare eventuali penalit\u00e0 per ritardi e\/o dimenticanze, ACQUAENNA S.C.p.A. ha attivato il servizio di pagamento delle bollette tramite domiciliazione bancaria, che prevede l&#8217;addebito automatico dell&#8217;importo sul conto corrente. Chi effettua la domiciliazione&hellip;<\/p>\n<p class=\"more-link-p\"><a class=\"more-link\" href=\"https:\/\/www.acquaenna.it\/index.php\/modulistica\/modulo-rid\/\">Read more &rarr;<\/a><\/p>\n","protected":false},"author":2,"featured_media":0,"parent":34,"menu_order":0,"comment_status":"closed","ping_status":"open","template":"","meta":{"footnotes":""},"class_list":["post-169","page","type-page","status-publish","hentry"],"publishpress_future_action":{"enabled":false,"date":"2026-05-14 04:19:02","action":"change-status","newStatus":"draft","terms":[],"taxonomy":""},"_links":{"self":[{"href":"https:\/\/www.acquaenna.it\/index.php\/wp-json\/wp\/v2\/pages\/169","targetHints":{"allow":["GET"]}}],"collection":[{"href":"https:\/\/www.acquaenna.it\/index.php\/wp-json\/wp\/v2\/pages"}],"about":[{"href":"https:\/\/www.acquaenna.it\/index.php\/wp-json\/wp\/v2\/types\/page"}],"author":[{"embeddable":true,"href":"https:\/\/www.acquaenna.it\/index.php\/wp-json\/wp\/v2\/users\/2"}],"replies":[{"embeddable":true,"href":"https:\/\/www.acquaenna.it\/index.php\/wp-json\/wp\/v2\/comments?post=169"}],"version-history":[{"count":8,"href":"https:\/\/www.acquaenna.it\/index.php\/wp-json\/wp\/v2\/pages\/169\/revisions"}],"predecessor-version":[{"id":5532,"href":"https:\/\/www.acquaenna.it\/index.php\/wp-json\/wp\/v2\/pages\/169\/revisions\/5532"}],"up":[{"embeddable":true,"href":"https:\/\/www.acquaenna.it\/index.php\/wp-json\/wp\/v2\/pages\/34"}],"wp:attachment":[{"href":"https:\/\/www.acquaenna.it\/index.php\/wp-json\/wp\/v2\/media?parent=169"}],"curies":[{"name":"wp","href":"https:\/\/api.w.org\/{rel}","templated":true}]}}