{"id":173,"date":"2012-03-11T10:03:13","date_gmt":"2012-03-11T10:03:13","guid":{"rendered":"http:\/\/192.168.5.200\/?page_id=173"},"modified":"2026-03-10T11:01:09","modified_gmt":"2026-03-10T10:01:09","slug":"condomini","status":"publish","type":"page","link":"https:\/\/www.acquaenna.it\/index.php\/modulistica\/condomini\/","title":{"rendered":"condomini"},"content":{"rendered":"<p><strong>CHIEDERE UNA NUOVA FORNITURA IDRICA CONDOMINIALE<\/strong><\/p>\n<p>Gli\u00a0 edifici con pi\u00f9 unit\u00e0 o comunque gruppi di utenze possono essere servite da un unico contatore condominiale<br \/>\nIn tal caso il contratto di fornitura idrica deve essere intestato al condominio o ad uno dei fruitori su delega scritta di tutti i condomini, i quali rispondono in solido per quanto concerne gli obblighi contrattuali.<\/p>\n<p>CON\u00a0 LA &#8220;RICHIESTA DI FORNITURA IDRICA PER UTENZA CONDOMINIALE&#8221; si chieder\u00e0 una delle 3 opzioni indicate nel modulo:<\/p>\n<ol>\n<li class=\"western\"><span style=\"color: #000080\"><span lang=\"zxx\"><span style=\"color: #000000\"><span style=\"font-family: Times New Roman, serif\"><span style=\"font-size: medium\"><b>segnando l&#8217;opzione &#8220;ATTIVAZIONE&#8221;\u00a0 <\/b><\/span><\/span><\/span><\/span><\/span><span lang=\"zxx\"><span style=\"font-family: Times New Roman, serif\"><span style=\"font-size: medium\"><b>si chieder\u00e0 <\/b><\/span><\/span><\/span><span lang=\"zxx\"><span style=\"font-family: Times New Roman, serif\"><span style=\"font-size: medium\"><strong>solo<\/strong><\/span><\/span><\/span><b><\/b><span style=\"color: #000080\"><span lang=\"zxx\"><span style=\"color: #000000\"><span style=\"font-family: Times New Roman, serif\"><span style=\"font-size: medium\"><b> la posa del contatore in un punto in cui era stato gi\u00e0 predisposto l&#8217;allacciamento (senza posa) ed ora con l&#8217;installazione del contatore si vuole consentire all&#8217;impianto di utenza di prelevare ed utilizzare per la prima volta l&#8217;acqua dalla rete di acquedotto.<\/b><\/span><\/span><\/span><\/span><\/span><\/li>\n<li><span style=\"color: #000080\"><span style=\"color: #000000\"><span lang=\"zxx\"><span style=\"font-family: Times New Roman, serif\"><span style=\"font-size: medium\"><b>segnando l&#8217;opzione &#8220;<\/b><\/span><\/span><\/span><span lang=\"zxx\"><span style=\"font-family: Times New Roman, serif\"><span style=\"font-size: medium\"><b> SUBENTRO \/ RIATTIVAZIONE&#8221; <\/b><\/span><\/span><\/span><\/span><\/span><span lang=\"zxx\"><span style=\"font-family: Times New Roman, serif\"><span style=\"font-size: medium\"><b>si chieder\u00e0<\/b><\/span><\/span><\/span><span style=\"color: #000080\"><span style=\"color: #000000\"><span lang=\"zxx\"><span style=\"font-family: Times New Roman, serif\"><span style=\"font-size: medium\"><b> di riattivare a proprio nome la fornitura idrica in un\u00a0 punto di consegna dove il contatore non c&#8217;\u00e8 perch\u00e8\u00a0 \u00e8 stato cessato\u00a0 dal precedente intestatario oppure perch\u00e8 \u00e8 stato cessato per morosit\u00e0.<\/b><\/span><\/span><\/span><\/span><\/span><\/li>\n<li><span style=\"color: #000080\"><span style=\"color: #000000\"><span lang=\"zxx\"><span style=\"font-family: Times New Roman, serif\"><span style=\"font-size: medium\"><b>segnando l&#8217;opzione &#8221; ALLACCIO CON CONTESTUALE ATTIVAZIONE DELLA FORNITURA&#8221;\u00a0 <\/b><\/span><\/span><\/span><\/span><\/span><span lang=\"zxx\"><span style=\"font-family: Times New Roman, serif\"><span style=\"font-size: medium\"><b>si chieder\u00e0<\/b><\/span><\/span><\/span><span style=\"color: #000080\"><span style=\"color: #000000\"><span lang=\"zxx\"><span style=\"font-family: Times New Roman, serif\"><span style=\"font-size: medium\"><b> contestualmente sia la realizzazione del collegamento tra la rete idrica gestita dal Gestore ed un fabbricato in cui non c&#8217;era mai stato un contatore, sia la posa del contatore.\u00a0<\/b><\/span><\/span><\/span><\/span><\/span><\/li>\n<\/ol>\n<p class=\"western\"><span style=\"color: #000080\"><span lang=\"zxx\"><span style=\"color: #000000\"><span style=\"font-family: Times New Roman, serif\"><span style=\"font-size: medium\"><b><span style=\"color: #333333\"><span style=\"font-size: large\">\u00a0<\/span><\/span><\/b><\/span><\/span><\/span><\/span><\/span><a href=\"http:\/\/www.acquaenna.it\/wp-content\/uploads\/2026\/03\/RICHIESTA-DI-CESSAZIONE-20-26.pdf\" target=\"_blank\" rel=\"noopener noreferrer\">CLICCA PER SCARICARE MODULO RICHIESTA DI NUOVA FORNITURA PER CONDOMINIO<\/a><\/p>\n<p>ALLEGATI DA PRESENTARE UNITAMENTE ALLA RICHIESTA DI NUOVO ALLACCIO :<\/p>\n<ul>\n<li style=\"list-style-type: none\">\n<ul>\n<li style=\"list-style-type: none\">\n<ul>\n<li>Elenco utenti condomini (Mod.PG 001.19 REV 01);<\/li>\n<li>Verbale di costituzione del condominio con attribuzione poteri all\u2019amministratore; oppure atto di delega all\u2019intestatario sottoscritto da tutti gli utilizzatori della fornitura idrica<\/li>\n<li>Fotocopia del Documento di riconoscimento dell\u2019amministratore.<\/li>\n<\/ul>\n<\/li>\n<\/ul>\n<\/li>\n<\/ul>\n<p>INOLTRE PER OGNI SINGOLO CONDOMINO:<\/p>\n<ul>\n<li style=\"list-style-type: none\">\n<ul>\n<li style=\"list-style-type: none\">\n<ul>\n<li>Fotocopia del documento di riconoscimento e del codice fiscale;<\/li>\n<li>Certificato di residenza oppure autocertificazione dei condomini solo in caso di profilo \u201cdomestico-residente\u201d;<\/li>\n<li>Modulo Dati catastali (Mod. PG001.10 Rev.00);<\/li>\n<li>Copia della concessione edilizia o autocertificazione ( Mod. PG001.29 Rev00). <strong>Per le opere che gi\u00e0 usufruiscono di un servizio pubblico<\/strong>, al posto della concessione edilizia, pu\u00f2 essere prodotta copia di una recente bolletta (luce, gas, telefono) anche se intestata ad altri precedenti soggetti, occupanti la medesima unit\u00e0 immobiliare per la quale \u00e8 stata fatta richiesta di inclusione nel condominio.<\/li>\n<li>In caso di ditte o societ\u00e0: copia del certificato della camera di commercio.<\/li>\n<li>Dichiarazione composizione familiare<\/li>\n<\/ul>\n<\/li>\n<\/ul>\n<\/li>\n<\/ul>\n<p>L\u2019incompletezza della documentazione presentata comporta l\u2019automatica sospensione del procedimento tecnico \/ amministrativo fino all\u2019avvenuto ricevimento degli allegati<\/p>\n<p><strong>CHIEDERE LA VARIAZIONE DEI CONDOMINI<\/strong><\/p>\n<p>La RICHIESTA DI VARIAZIONE DEI CONDOMINI \u00e8 un modulo che pu\u00f2 essere utilizzato:<\/p>\n<ul>\n<li style=\"list-style-type: none\">\n<ul>\n<li style=\"list-style-type: none\">\n<ul>\n<li style=\"list-style-type: none\">\n<ul>\n<li>in caso di insediamento di uno o pi\u00f9 nuovo\/i condomino\/i nell\u2019edificio<\/li>\n<li>in caso di subentro di un utente ad un altro nel condominio.<\/li>\n<li>in caso di esclusione di un utente dal condominio.<\/li>\n<\/ul>\n<\/li>\n<\/ul>\n<\/li>\n<\/ul>\n<\/li>\n<\/ul>\n<p><a href=\"http:\/\/www.acquaenna.it\/wp-content\/uploads\/2024\/05\/RICHIESTA-DI-VARIAZIONE-CONDOMINI-maggio24.pdf\" target=\"_blank\" rel=\"noopener noreferrer\">CLICCA PER SCARICARE MODULO RICHIESTA DI VARIAZIONE DEI CONDOMINI<\/a><\/p>\n<p>ALLEGATI DA PRESENTARE UNITAMENTE ALLA RICHIESTA DI VARIAZIONE DEL CONDOMINIO<\/p>\n<p>L&#8217;IMPORTO DI \u20ac 25,00 PER SPESE DI VOLTURAZIONE SARANNO ADDEBITATE NELLA PRIMA FATTURA<\/p>\n<p>NEL CASO IN CUI SI RICHIEDE L\u2019INSERIMENTO DI NUOVI CONDOMINI ALLEGARE AL MODELLO PG 001.16 Rev 02, I SEGUENTI DOCUMENTI DEI SINGOLI CONDOMINI INCLUSI:<\/p>\n<ul>\n<li style=\"list-style-type: none\">\n<ul>\n<li style=\"list-style-type: none\">\n<ul>\n<li>Fotocopia del documento di riconoscimento e del codice fiscale del richiedente;<\/li>\n<li>Certificato di residenza oppure autocertificazione del richiedente<\/li>\n<li>In caso di ditte o societ\u00e0: copia del certificato della camera di commercio<\/li>\n<li>Modulo Dati catastali (Mod. PG001.10 Rev.00)<\/li>\n<li>Copia della concessione edilizia o autocertificazione (Mod. PG001.29 Rev 00).Per le opere che gi\u00e0 usufruiscono di un servizio pubblico, in luogo della concessione edilizia, pu\u00f2 essere prodotta copia di una recente bolletta (luce, gas, telefono)anche se intestata ad altri precedenti soggetti, occupanti la medesima unit\u00e0 immobiliare per la quale \u00e8 stata fatta richiesta di inclusione nel condominio.<\/li>\n<li>Dichiarazione sostitutiva composizione familiare<\/li>\n<\/ul>\n<\/li>\n<\/ul>\n<\/li>\n<\/ul>\n<p>L\u2019incompletezza della documentazione presentata comporta l\u2019automatica sospensione del procedimento tecnico\/amministrativo fino all\u2019avvenuto ricevimento degli allegati .<\/p>\n<p>N.B.<br \/>\nIn caso di subentro di un utente ad un altro all\u2019interno del condominio procedere come segue:<\/p>\n<ul>\n<li style=\"list-style-type: none\">\n<ul>\n<li style=\"list-style-type: none\">\n<ul>\n<li>nello spazio contenente i dati anagrafici, per l\u2019utente precedente si barrer\u00e0 l\u2019opzione \u201cescluso\u201d,<\/li>\n<li>mentre nel successivo spazio si annoteranno i dati anagrafici dell\u2019utente subentrante segnando l\u2019opzione \u201cincluso\u201d.<\/li>\n<\/ul>\n<\/li>\n<\/ul>\n<\/li>\n<\/ul>\n<p><strong>CHIEDERE LA CESSAZIONE DELL\u2019UTENZA CONDOMINIALE<\/strong><\/p>\n<p>Per richiedere la cessazione di un\u2019utenza condominiale utilizzare il modulo di \u201ccessazione\u201d<br \/>\n(Mod. PG001.04 Rev 02) avendo cura di compilare la parte relativa al condominio.<\/p>\n<p><a href=\"http:\/\/www.acquaenna.it\/wp-content\/uploads\/2026\/03\/RICHIESTA-DI-CESSAZIONE-20-26.pdf\" target=\"_blank\" rel=\"noopener noreferrer\">CLICCA PER SCARICARE MODULO DI CESSAZIONE<\/a><\/p>\n","protected":false},"excerpt":{"rendered":"<p>CHIEDERE UNA NUOVA FORNITURA IDRICA CONDOMINIALE Gli\u00a0 edifici con pi\u00f9 unit\u00e0 o comunque gruppi di utenze possono essere servite da un unico contatore condominiale In tal caso il contratto di fornitura idrica deve essere intestato al condominio o ad uno&hellip;<\/p>\n<p class=\"more-link-p\"><a class=\"more-link\" href=\"https:\/\/www.acquaenna.it\/index.php\/modulistica\/condomini\/\">Read more &rarr;<\/a><\/p>\n","protected":false},"author":2,"featured_media":0,"parent":34,"menu_order":0,"comment_status":"closed","ping_status":"open","template":"","meta":{"footnotes":""},"class_list":["post-173","page","type-page","status-publish","hentry"],"publishpress_future_action":{"enabled":false,"date":"2026-04-10 23:43:36","action":"change-status","newStatus":"draft","terms":[],"taxonomy":""},"_links":{"self":[{"href":"https:\/\/www.acquaenna.it\/index.php\/wp-json\/wp\/v2\/pages\/173","targetHints":{"allow":["GET"]}}],"collection":[{"href":"https:\/\/www.acquaenna.it\/index.php\/wp-json\/wp\/v2\/pages"}],"about":[{"href":"https:\/\/www.acquaenna.it\/index.php\/wp-json\/wp\/v2\/types\/page"}],"author":[{"embeddable":true,"href":"https:\/\/www.acquaenna.it\/index.php\/wp-json\/wp\/v2\/users\/2"}],"replies":[{"embeddable":true,"href":"https:\/\/www.acquaenna.it\/index.php\/wp-json\/wp\/v2\/comments?post=173"}],"version-history":[{"count":59,"href":"https:\/\/www.acquaenna.it\/index.php\/wp-json\/wp\/v2\/pages\/173\/revisions"}],"predecessor-version":[{"id":5528,"href":"https:\/\/www.acquaenna.it\/index.php\/wp-json\/wp\/v2\/pages\/173\/revisions\/5528"}],"up":[{"embeddable":true,"href":"https:\/\/www.acquaenna.it\/index.php\/wp-json\/wp\/v2\/pages\/34"}],"wp:attachment":[{"href":"https:\/\/www.acquaenna.it\/index.php\/wp-json\/wp\/v2\/media?parent=173"}],"curies":[{"name":"wp","href":"https:\/\/api.w.org\/{rel}","templated":true}]}}