{"id":2132,"date":"2018-07-03T10:38:45","date_gmt":"2018-07-03T08:38:45","guid":{"rendered":"http:\/\/www.acquaenna.it\/?page_id=2132"},"modified":"2018-07-03T10:51:09","modified_gmt":"2018-07-03T08:51:09","slug":"cookie-policy","status":"publish","type":"page","link":"https:\/\/www.acquaenna.it\/index.php\/cookie-policy\/","title":{"rendered":"Cookie Policy"},"content":{"rendered":"<p>Cookie Policy<\/p>\n<p style=\"text-align: justify;\">Gentile visitatore\/utente<\/p>\n<p style=\"text-align: justify;\">Nel pieno rispetto degli obblighi previsti dal D.lgs. n. 196 del 30 giugno 2003 vogliamo informarla che la societ\u00e0 AcquaEnna SCPA, in qualit\u00e0 di Titolare e gestore del sito web <a href=\"http:\/\/www.acquaenna.it\/\">www.acquaenna.it<\/a>\u00a0sottoporr\u00e0 a trattamento i dati personali che La riguardano e che ci sono stati o ci verranno da Lei o da altri comunicati in qualit\u00e0 di visitatori o utenti del sito web.<\/p>\n<p style=\"text-align: justify;\">AcquaEnna SCPA nel rispetto della normativa comunica che i suoi dati potranno essere acquisiti nei seguenti modi:<\/p>\n<p style=\"text-align: justify;\">Indirettamente nel corso della navigazione: tali informazioni potranno riguardare: indirizzo IP, tipo di browser, Internet Service Provider, sistema operativo, nome di dominio e indirizzi di siti Web dai quali ha effettuato l\u2019accesso o l\u2019uscita (referring\/exit pages), informazioni sulle pagine visitate dagli utenti all\u2019interno del sito, orario d\u2019accesso, permanenza sulla singola pagina, analisi di percorso interno (clickstream), in ogni caso sono tutte informazioni che non consentono di risalire alla persona e i dati se presenti sono in forma aggregata.<\/p>\n<p style=\"text-align: justify;\">Direttamente nel corso della navigazione: in tali casi sar\u00e0 il visitatore a rilasciare i propri dati personali e il relativo consenso al trattamento per poter accedere a vari servizi quali ad esempio: registrazione al sito web o ad aree riservate, acquisti con carta di credito, richiesta informazioni, iscrizione a corsi, newsletter o mailing list. Il consenso prestato potr\u00e0 essere in seguito revocato in qualsiasi momento.<\/p>\n<p style=\"text-align: justify;\">Senza il nostro intervento tramite l\u2019utilizzo di \u201ccookies\u201d durante la navigazione: i cookies sono porzioni d\u2019informazione memorizzabili nel computer del visitatore durante la navigazione; essi sono file di ridottissime dimensioni che vengono trasferiti sul disco dell\u2019utente a fini di registrazione e memorizzazione di alcune aree del sito Web con lo scopo di permettere ad un navigatore di raggiungerle pi\u00f9 velocemente durante le visite successive. I cookies possono essere permanenti (ovvero rimangono sul disco fisso anche una volta chiuso il browser), temporanei\/sessione (ovvero sono memorizzati unicamente per la durata della navigazione e vengono cancellati dal computer con la chiusura del browser) o di terzi, generati da un sito web diverso da quello che state attualmente visitando. Alla fine d\u2019ogni sessione di navigazione il visitatore potr\u00e0 sempre cancellare dal proprio disco fisso sia la cache-memory di navigazione sia i cookie raccolti.<\/p>\n<p style=\"text-align: justify;\">Tramite immagini elettroniche: attraverso immagini elettroniche inserite all\u2019interno del sito, esclusivamente per finalit\u00e0 statistiche, \u00e8 possibile verificare se una certa pagina Web \u00e8 stata visualizzata e, in caso affermativo, conteggiare il numero d\u2019utenti che l\u2019hanno visitata.<\/p>\n<p style=\"text-align: justify;\">Cookies<\/p>\n<p style=\"text-align: justify;\">Nessun dato personale degli utenti viene in proposito acquisito dal sito, e nessuna attivit\u00e0 di profilazione e\/o tracciamento viene eseguita.<\/p>\n<p style=\"text-align: justify;\">In osservanza del Provvedimento Generale del Garante Privacy n. 229 dell\u20198 maggio 2014, con la presente informativa si rende noto che non viene fatto uso di cookies per la trasmissione di informazioni di carattere personale, n\u00e9 vengono utilizzati c.d. cookies persistenti di alcun tipo, ovvero sistemi per la profilazione e\/o il tracciamento degli utenti [c.d. cookies di profilazione \u2013 art. 1, lett.b)].<\/p>\n<p style=\"text-align: justify;\">L\u2019uso di c.d. cookies di sessione\/tecnici (che non vengono memorizzati in modo persistente sul computer dell\u2019utente e svaniscono con la chiusura del browser ovvero mediante cancellazione) \u00e8 strettamente limitato alla trasmissione di identificativi di sessione (costituiti da numeri casuali generati dal server) necessari per consentire l\u2019esplorazione sicura ed efficiente del sito. I c.d. cookies di sessione\/tecnici utilizzati in questo sito evitano il ricorso ad altre tecniche informatichepotenzialmente pregiudizievoli per la riservatezza della navigazione degli utenti e non consentono l\u2019acquisizione di dati personali identificativi dell\u2019utente.<\/p>\n<p style=\"text-align: justify;\">L\u2019uso da parte di questo sito dei cookies relativi alla tecnologia CMS di WordPress (W3tc_referrer) \u2013 che non vengono memorizzati in modo persistente sul computer dell\u2019utente \u2013 \u00e8 strettamente limitato al corretto funzionamento di suddetta tecnologia, che altrimenti cesserebbe di funzionare. Questi cookies non registrano nessun tipo di informazione che possa ricondurre al singolo utente visitatore.<\/p>\n<p style=\"text-align: justify;\">L\u2019utente pu\u00f2 limitare, bloccare o eliminare i cookie intervenendo sulle impostazioni del proprio web browser. La procedura pu\u00f2 variare leggermente rispetto al tipo di browser utilizzato. Per le istruzioni dettagliate, cliccare sul link del proprio browser.<\/p>\n<p style=\"text-align: justify;\"><a href=\"https:\/\/support.microsoft.com\/it-it\/help\/17442\/windows-internet-explorer-delete-manage-cookies\" target=\"_blank\">Internet Explorer<\/a><\/p>\n<p style=\"text-align: justify;\"><a href=\"https:\/\/support.mozilla.org\/it\/kb\/Gestione%20dei%20cookie\" target=\"_blank\">Firefox<\/a><\/p>\n<p style=\"text-align: justify;\"><a href=\"https:\/\/support.google.com\/chrome\/answer\/95647?hl=it\" target=\"_blank\">Google Chrome<\/a><\/p>\n<p style=\"text-align: justify;\"><a href=\"http:\/\/help.opera.com\/Windows\/10.00\/it\/cookies.html\" target=\"_blank\">Opera<\/a><\/p>\n<p style=\"text-align: justify;\"><a href=\"https:\/\/support.apple.com\/it-it\/HT201265\" target=\"_blank\">Safari<\/a><\/p>\n<p style=\"text-align: justify;\">Il trattamento dei dati \u2013 acquisiti secondo le modalit\u00e0 su descritte \u2013 sar\u00e0 effettuato dal Titolare nel rispetto delle norme in vigore e dei principi di correttezza, liceit\u00e0, trasparenza; pertinenza, completezza e non eccedenza.<\/p>\n","protected":false},"excerpt":{"rendered":"<p>Cookie Policy Gentile visitatore\/utente Nel pieno rispetto degli obblighi previsti dal D.lgs. n. 196 del 30 giugno 2003 vogliamo informarla che la societ\u00e0 AcquaEnna SCPA, in qualit\u00e0 di Titolare e gestore del sito web www.acquaenna.it\u00a0sottoporr\u00e0 a trattamento i dati personali&hellip;<\/p>\n<p class=\"more-link-p\"><a class=\"more-link\" href=\"https:\/\/www.acquaenna.it\/index.php\/cookie-policy\/\">Read more &rarr;<\/a><\/p>\n","protected":false},"author":2,"featured_media":0,"parent":0,"menu_order":0,"comment_status":"closed","ping_status":"closed","template":"","meta":{"footnotes":""},"class_list":["post-2132","page","type-page","status-publish","hentry"],"publishpress_future_action":{"enabled":false,"date":"2026-04-11 01:15:18","action":"change-status","newStatus":"draft","terms":[],"taxonomy":""},"_links":{"self":[{"href":"https:\/\/www.acquaenna.it\/index.php\/wp-json\/wp\/v2\/pages\/2132","targetHints":{"allow":["GET"]}}],"collection":[{"href":"https:\/\/www.acquaenna.it\/index.php\/wp-json\/wp\/v2\/pages"}],"about":[{"href":"https:\/\/www.acquaenna.it\/index.php\/wp-json\/wp\/v2\/types\/page"}],"author":[{"embeddable":true,"href":"https:\/\/www.acquaenna.it\/index.php\/wp-json\/wp\/v2\/users\/2"}],"replies":[{"embeddable":true,"href":"https:\/\/www.acquaenna.it\/index.php\/wp-json\/wp\/v2\/comments?post=2132"}],"version-history":[{"count":4,"href":"https:\/\/www.acquaenna.it\/index.php\/wp-json\/wp\/v2\/pages\/2132\/revisions"}],"predecessor-version":[{"id":2137,"href":"https:\/\/www.acquaenna.it\/index.php\/wp-json\/wp\/v2\/pages\/2132\/revisions\/2137"}],"wp:attachment":[{"href":"https:\/\/www.acquaenna.it\/index.php\/wp-json\/wp\/v2\/media?parent=2132"}],"curies":[{"name":"wp","href":"https:\/\/api.w.org\/{rel}","templated":true}]}}