{"id":62,"date":"2010-06-13T15:37:40","date_gmt":"2010-06-13T13:37:40","guid":{"rendered":"http:\/\/192.168.5.200\/?page_id=62"},"modified":"2021-06-04T09:35:20","modified_gmt":"2021-06-04T07:35:20","slug":"dove-siamo","status":"publish","type":"page","link":"https:\/\/www.acquaenna.it\/index.php\/info\/dove-siamo\/","title":{"rendered":"chi siamo"},"content":{"rendered":"<p style=\"text-align: justify;\">ACQUAENNA \u00e8 una societ\u00e0 per azioni a scopo consortile che si \u00e8 aggiudicata la gara per la gestione del Servizio Idrico Integrato nell\u2019Ambito Territoriale Ottimale (A.T.O.) di Enna per la durata di 30 anni.<br \/>\nL\u2019Ambito Territoriale di Enna \u00e8 composto da 20 comuni, una popolazione di circa 177.200 abitanti con circa 84.000 utenti serviti.<br \/>\nIn data 19\/11\/2004 AcquaEnna ha sottoscritto con l\u2019Autorit\u00e0 d\u2019Ambito la convenzione di gestione.<br \/>\nOggetto della convenzione \u00e8 il Servizio Idrico Integrato costituito dall\u2019insieme dei servizi pubblici di captazione, adduzione e distribuzione di acqua ad usi civili, di fognatura e di depurazione delle acque reflue.<br \/>\nLa societ\u00e0 gestisce tutte le fasi del ciclo tecnologico dell\u2019acqua (captazione, adduzione e distribuzione, fognatura e depurazione) attuando il Piano d\u2019Ambito approvato dall\u2019assemblea dei sindaci, pianificando e realizzando gli investimenti e sperimentando nuove soluzioni tecnologiche.<br \/>\nLe opere e gli impianti affidati in gestione ad Acquaenna restano di propriet\u00e0 degli enti locali.<\/p>\n<p style=\"text-align: justify;\"><span style=\"color: #ffffff;\"><a style=\"color: #ffffff;\" href=\"http:\/\/www.acquaenna.it\/consensiaccessi\/index.php\">c<\/a><\/span><\/p>\n","protected":false},"excerpt":{"rendered":"<p>ACQUAENNA \u00e8 una societ\u00e0 per azioni a scopo consortile che si \u00e8 aggiudicata la gara per la gestione del Servizio Idrico Integrato nell\u2019Ambito Territoriale Ottimale (A.T.O.) di Enna per la durata di 30 anni. L\u2019Ambito Territoriale di Enna \u00e8 composto&hellip;<\/p>\n<p class=\"more-link-p\"><a class=\"more-link\" href=\"https:\/\/www.acquaenna.it\/index.php\/info\/dove-siamo\/\">Read more &rarr;<\/a><\/p>\n","protected":false},"author":2,"featured_media":0,"parent":6,"menu_order":1,"comment_status":"closed","ping_status":"closed","template":"","meta":{"footnotes":""},"class_list":["post-62","page","type-page","status-publish","hentry"],"publishpress_future_action":{"enabled":false,"date":"2026-04-21 06:54:30","action":"change-status","newStatus":"draft","terms":[],"taxonomy":""},"_links":{"self":[{"href":"https:\/\/www.acquaenna.it\/index.php\/wp-json\/wp\/v2\/pages\/62","targetHints":{"allow":["GET"]}}],"collection":[{"href":"https:\/\/www.acquaenna.it\/index.php\/wp-json\/wp\/v2\/pages"}],"about":[{"href":"https:\/\/www.acquaenna.it\/index.php\/wp-json\/wp\/v2\/types\/page"}],"author":[{"embeddable":true,"href":"https:\/\/www.acquaenna.it\/index.php\/wp-json\/wp\/v2\/users\/2"}],"replies":[{"embeddable":true,"href":"https:\/\/www.acquaenna.it\/index.php\/wp-json\/wp\/v2\/comments?post=62"}],"version-history":[{"count":13,"href":"https:\/\/www.acquaenna.it\/index.php\/wp-json\/wp\/v2\/pages\/62\/revisions"}],"predecessor-version":[{"id":3161,"href":"https:\/\/www.acquaenna.it\/index.php\/wp-json\/wp\/v2\/pages\/62\/revisions\/3161"}],"up":[{"embeddable":true,"href":"https:\/\/www.acquaenna.it\/index.php\/wp-json\/wp\/v2\/pages\/6"}],"wp:attachment":[{"href":"https:\/\/www.acquaenna.it\/index.php\/wp-json\/wp\/v2\/media?parent=62"}],"curies":[{"name":"wp","href":"https:\/\/api.w.org\/{rel}","templated":true}]}}